{"id":28,"date":"2017-05-23T18:45:55","date_gmt":"2017-05-23T18:45:55","guid":{"rendered":"http:\/\/www.drahelenandrade.clwordpress\/?page_id=28"},"modified":"2017-05-24T15:51:20","modified_gmt":"2017-05-24T15:51:20","slug":"electromiografia","status":"publish","type":"page","link":"https:\/\/www.drahelenandrade.cl\/?page_id=28","title":{"rendered":"Electromiograf\u00eda"},"content":{"rendered":"<p align=\"justify\">Para completar el estudio de una posible enfermedad del sistema nerviosa perif\u00e9rico, la neurolog\u00eda cuenta de auxiliares diagn\u00f3sticos entre ellos se usa un examen llamado: Estudio de conducci\u00f3n nerviosa y electromiograf\u00eda.<\/p>\n<p align=\"justify\"><img loading=\"lazy\" class=\"alignnone wp-image-21 size-full\" src=\"https:\/\/www.drahelenandrade.cl\/wp-content\/uploads\/2017\/05\/cropped-electromiografia-1.jpg\" alt=\"\" width=\"1920\" height=\"599\" srcset=\"https:\/\/www.drahelenandrade.cl\/wp-content\/uploads\/2017\/05\/cropped-electromiografia-1.jpg 1920w, https:\/\/www.drahelenandrade.cl\/wp-content\/uploads\/2017\/05\/cropped-electromiografia-1-300x94.jpg 300w, https:\/\/www.drahelenandrade.cl\/wp-content\/uploads\/2017\/05\/cropped-electromiografia-1-768x240.jpg 768w, https:\/\/www.drahelenandrade.cl\/wp-content\/uploads\/2017\/05\/cropped-electromiografia-1-1024x319.jpg 1024w\" sizes=\"(max-width: 1920px) 100vw, 1920px\" \/><\/p>\n<p align=\"justify\">El <strong>estudio de conducci\u00f3n nerviosa<\/strong> consiste en la aplicaci\u00f3n de peque\u00f1os est\u00edmulos el\u00e9ctricos en ciertos nervios, y el registro del mismo en\u00a0 grupos musculares, la sensaci\u00f3n es como peque\u00f1as descargas el\u00e9ctricas pero de muy baja intensidad.<\/p>\n<p align=\"justify\">De esta manera se pueden determinar patolog\u00eda como:<\/p>\n<p align=\"justify\">&#8211; <strong>Polineuropatias<\/strong>, caracter\u00edsticas de muchas enfermedades entre ellas la m\u00e1s frecuente es la diabetes.<\/p>\n<p align=\"justify\">&#8211; Compresiones de nervios, la mas frecuente es conocida como <strong>s\u00edndrome del t\u00fanel del carpo <\/strong>o <strong>compresi\u00f3n del mediano en la mu\u00f1eca.<\/strong><\/p>\n<p align=\"justify\">La <u><strong>electromiograf\u00eda,<\/strong><\/u> es el estudio del adecuado funcionamiento del m\u00fasculo, consiste en colocar un electrodo de aguja a nivel del m\u00fasculo y se eval\u00faa la respuesta del mismo en reposo y en actividad. Las personas perciben el examen como sensaci\u00f3n de pinchazo en el cual no se aplica est\u00edmulos el\u00e9ctricos. .<\/p>\n<p align=\"justify\"><strong>Su utilidad permite determinar presencia de:<\/strong><\/p>\n<p align=\"justify\">&#8211;\u00a0 <strong>Enfermedades musculares<\/strong> como de tipo inflamatoria u de otro tipo.<\/p>\n<p align=\"justify\">&#8211; <strong>Compresiones de disco<\/strong> que pueden dar origen a lo conocido como hernia discal que compromete ra\u00edces nerviosas.<\/p>\n<p align=\"justify\">&#8211; <strong>Lesiones a nivel de plexo braquial o crural.<\/strong><\/p>\n<p align=\"justify\"><strong>Indicaciones para el paciente previa la realizaci\u00f3n del examen:<\/strong><\/p>\n<p align=\"justify\">&#8211; No usar cremas en manos o piernas en el d\u00eda del examen.<\/p>\n<p align=\"justify\">&#8211; Avisar previamente si esta tomando medicaci\u00f3n anticoagulante (TACO), por los riesgos de sangrado al realizar la electromiograf\u00eda.<\/p>\n<p align=\"justify\">&#8211; Avisar si tiene<strong> colocado marcapaso<\/strong>, ya que constituye una restricci\u00f3n relativa.<\/p>\n<p align=\"justify\">&#8211; No usar anillos, ni pulseras u objetos met\u00e1licos en manos o piernas, porque interfiere en el estimulo el\u00e9ctrico.<\/p>\n","protected":false},"excerpt":{"rendered":"<p>Para completar el estudio de una posible enfermedad del sistema nerviosa perif\u00e9rico, la neurolog\u00eda cuenta de auxiliares diagn\u00f3sticos entre ellos se usa un examen llamado: Estudio de conducci\u00f3n nerviosa y electromiograf\u00eda. El estudio de conducci\u00f3n nerviosa consiste en la aplicaci\u00f3n de peque\u00f1os est\u00edmulos el\u00e9ctricos en ciertos nervios, y el registro del mismo en\u00a0 grupos musculares, [&hellip;]<\/p>\n","protected":false},"author":1,"featured_media":0,"parent":0,"menu_order":0,"comment_status":"closed","ping_status":"closed","template":"","meta":[],"_links":{"self":[{"href":"https:\/\/www.drahelenandrade.cl\/index.php?rest_route=\/wp\/v2\/pages\/28"}],"collection":[{"href":"https:\/\/www.drahelenandrade.cl\/index.php?rest_route=\/wp\/v2\/pages"}],"about":[{"href":"https:\/\/www.drahelenandrade.cl\/index.php?rest_route=\/wp\/v2\/types\/page"}],"author":[{"embeddable":true,"href":"https:\/\/www.drahelenandrade.cl\/index.php?rest_route=\/wp\/v2\/users\/1"}],"replies":[{"embeddable":true,"href":"https:\/\/www.drahelenandrade.cl\/index.php?rest_route=%2Fwp%2Fv2%2Fcomments&post=28"}],"version-history":[{"count":2,"href":"https:\/\/www.drahelenandrade.cl\/index.php?rest_route=\/wp\/v2\/pages\/28\/revisions"}],"predecessor-version":[{"id":78,"href":"https:\/\/www.drahelenandrade.cl\/index.php?rest_route=\/wp\/v2\/pages\/28\/revisions\/78"}],"wp:attachment":[{"href":"https:\/\/www.drahelenandrade.cl\/index.php?rest_route=%2Fwp%2Fv2%2Fmedia&parent=28"}],"curies":[{"name":"wp","href":"https:\/\/api.w.org\/{rel}","templated":true}]}}